{"id":6757,"date":"2021-03-21T12:34:00","date_gmt":"2021-03-21T11:34:00","guid":{"rendered":"https:\/\/laquitxalla.com\/?page_id=6757"},"modified":"2021-03-21T12:39:43","modified_gmt":"2021-03-21T11:39:43","slug":"aviso-legal","status":"publish","type":"page","link":"https:\/\/laquitxalla.com\/ca\/aviso-legal\/","title":{"rendered":"Aviso Legal"},"content":{"rendered":"\n<p>AVISO LEGAL<\/p>\n\n\n\n<p>En cumplimiento de la Ley 34\/2002, de 11 de julio, de servicios de la sociedad de la informaci\u00f3n y de<br>comercio electr\u00f3nico (LSSI), le informamos de que la presente p\u00e1gina web con direcci\u00f3n<br>www.laquitxalla.com es propiedad de la empresa Maria Rosa Villar\u00f3 Serra con NIF 78150154H domicilio en<br>Av\/Cardenal Taranc\u00f3n, 21. 25280 Solsona (Lleida) y correo electr\u00f3nico info@laquitxalla.com, en adelante<br>\u00abla Empresa\u00bb.<\/p>\n\n\n\n<p><br>Condiciones Generales de uso: Las presentes condiciones generales de uso, regulan los t\u00e9rminos y<br>condiciones de acceso y uso de este sitio web, propiedad de la Empresa, que el usuario del Portal deber\u00e1 de<br>leer y aceptar para usar todos los servicios e informaci\u00f3n que se facilitan desde el portal. El mero acceso y\/o<br>utilizaci\u00f3n del portal, de todos o parte de sus contenidos y\/o servicios significa la plena aceptaci\u00f3n de las<br>presentes condiciones generales de uso. Tambi\u00e9n regulan el acceso y la utilizaci\u00f3n del portal, incluyendo los<br>contenidos y los servicios puestos a disposici\u00f3n de los usuarios en y\/o a trav\u00e9s del portal, bien por el portal,<br>bien por sus usuarios, bien por terceros. No obstante, el acceso y la utilizaci\u00f3n de ciertos contenidos y\/o<br>servicios pueden encontrarse sometido a determinadas condiciones espec\u00edficas.<\/p>\n\n\n\n<p><br>Modificaciones: La empresa se reserva la facultad de modificar en cualquier momento las condiciones<br>generales de uso del portal. En todo caso, se recomienda que consulte peri\u00f3dicamente los<br>presentes t\u00e9rminos de uso del portal, ya que pueden ser modificados.<\/p>\n\n\n\n<p><br>Obligaciones del Usuario: El usuario deber\u00e1 respetar en todo momento los t\u00e9rminos y condiciones<br>establecidos en las presentes condiciones generales de uso del portal. De forma expresa el usuario<br>manifiesta que utilizar\u00e1 el portal de forma diligente y asumiendo cualquier responsabilidad que pudiera<br>derivarse del incumplimiento de las normas. As\u00ed mismo, el usuario no podr\u00e1 utilizar el portal para transmitir,<br>almacenar, divulgar promover o distribuir datos o contenidos que sean portadores de virus o cualquier otro<br>c\u00f3digo inform\u00e1tico, archivos o programas dise\u00f1ados para interrumpir, destruir o perjudicar el<br>funcionamiento de cualquier programa o equipo inform\u00e1tico o de telecomunicaciones.<\/p>\n\n\n\n<p><br>Propiedad industrial e intelectual: Los contenidos de la p\u00e1gina web de la Empresa son propiedad de la<br>Empresa. Por la presente se reserva todo derecho que no se haya otorgado expl\u00edcitamente. Se proh\u00edbe la<br>reproducci\u00f3n, transferencia, distribuci\u00f3n o almacenamiento de los contenidos, ya sea en parte o en su<br>totalidad, por cualquier medio, sin la autorizaci\u00f3n previa por escrito de la Empresa, a excepci\u00f3n de lo<br>establecido en las siguientes condiciones. La Empresa le permite navegar por su p\u00e1gina web con su<br>ordenador e imprimir copias de extractos de dichas p\u00e1ginas exclusivamente para su uso personal y no para<br>su distribuci\u00f3n, salvo en caso de autorizaci\u00f3n por escrito de la Empresa.<br>Todos los documentos de nuestra p\u00e1gina web pueden estar sujetos a otras condiciones, indicadas en los<br>mismos. Los contenidos de la p\u00e1gina web de la Empresa se ofrecen tal y como aparecen y seg\u00fan su<br>disponibilidad. La Empresa no garantiza la ausencia de interrupciones o errores en su p\u00e1gina web.<br>La Empresa se reserva el derecho de revisar la p\u00e1gina o impedir el acceso a dicha p\u00e1gina en cualquier<br>momento. La Empresa y sus s\u00edmbolos son marcas registradas. Otros productos o nombres de empresas<br>mencionados en esta p\u00e1gina son o pueden ser marcas registradas de sus respectivos propietarios.<\/p>\n\n\n\n<p>Responsabilidad: El usuario ser\u00e1 el \u00fanico responsable de las infracciones en que pueda incurrir o de los<br>perjuicios que pueda causar por la utilizaci\u00f3n de la p\u00e1gina web, quedando la Empresa libre de cualquier<br>responsabilidad basada de la utilizaci\u00f3n del servicio por el usuario, asumiendo el usuario cuantos gastos,<br>costes e indemnizaciones sean solicitados a la Empresa con motivo de reclamaciones o acciones legales. La<br>Empresa declina cualquier responsabilidad respecto a la informaci\u00f3n que se halle fuera de esta p\u00e1gina web y<br>no gestionada directamente por su gestor de p\u00e1gina web.<br>En el caso de que la Empresa sea advertida de la realizaci\u00f3n por el usuario, a trav\u00e9s de los servicios facilitados<br>por la Empresa de posibles actividades que pudieran ser ilegales contra derechos de terceros o constitutivas<br>de delito, la Empresa podr\u00e1 rescindir de forma inmediata su relaci\u00f3n con el usuario y tomar cuantas medidas<br>sean necesarias para evitar la continuaci\u00f3n de tales actividades.<br>La Empresa no ser\u00e1 responsable de posibles da\u00f1os o perjuicios que se pudieran derivar de interferencias<br>omisiones, interrupciones, aver\u00edas telef\u00f3nicas, virus inform\u00e1ticos o desconexiones en el funcionamiento<br>operativo de este sistema electr\u00f3nico, motivadas por causas ajenas a la Empresa de retrasos o bloqueos en el<br>uso del presente sistema electr\u00f3nico causados por deficiencias o sobrecargas de l\u00edneas telef\u00f3nicas o<br>sobrecargas en el sistema de Internet o en otros sistemas electr\u00f3nicos, as\u00ed como de da\u00f1os que puedan ser<br>ocasionados por terceras personas mediante intromisiones ileg\u00edtimas fuera del control de la Empresa.<\/p>\n\n\n\n<p><br>Links, Banners: En caso de que la web incluya links o enlaces con otros portales, tiene una finalidad<br>meramente informativa, y no supone que la empresa recomiende y\/o garantice dichos portales, sobre los<br>que no ejerce control alguno , ni es responsable del mismo.<br>La Empresa no garantiza, de ning\u00fan modo, las condiciones y correcta prestaci\u00f3n de los productos o servicios<br>ofertados a los usuarios por terceros, a los que se puede acceder mediante enlaces establecidos en la p\u00e1gina<br>web de la Empresa. La Empresa no se responsabiliza del cumplimiento por estos terceros de la normativa<br>vigente en nuestro ordenamiento jur\u00eddico y, en especial, de la relativa a protecci\u00f3n de datos de car\u00e1cter<br>personal y comercio electr\u00f3nico.<\/p>\n\n\n\n<p><br>Protecci\u00f3n de Menores: Para hacer uso de los servicios de la web, los menores de edad deben obtener<br>previamente el permiso de sus padres, tutores o representantes legales, quienes ser\u00e1n considerados<br>responsables de todos los actos realizados por los menores a su cargo.<\/p>\n\n\n\n<p><br>Blog: En caso de que la web tenga un apartado Blog, su finalidad es la difusi\u00f3n de los diferentes servicios<br>ofrecidos por la empresa. El titular de la web no se responsabiliza de las opiniones de los usuarios y se<br>reserva los derechos de borrar los comentarios que pudieran resultar ofensivos o denigrantes y bloquear e<br>impedir los futuros comentarios provenientes de los autores de dichos comentarios.<\/p>\n\n\n\n<p><br>Jurisdicci\u00f3n: Para cuantas cuestiones surjan sobre la interpretaci\u00f3n, aplicaci\u00f3n y cumplimiento de estas<br>condiciones y de las reclamaciones que puedan derivarse de su uso, se regir\u00e1 por lo dispuesto en la<br>normativa vigente acerca de la legislaci\u00f3n aplicable y la jurisdicci\u00f3n competente. En los casos en que la<br>normativa prevea la posibilidad a las partes de someterse a un fuero, la Empresa y el usuario, con renuncia<br>expresa a cualquier otro fuero que pudiera corresponderles, se someter\u00e1n a los juzgados y tribunales de<br>Lleida (Espa\u00f1a).<\/p>\n\n\n\n<p><br>Sin perjuicio de lo anterior, las controversias que puedan surgir como consecuencia de las relaciones de<br>comercio que surjan entre las partes podr\u00e1n someterse al Reglamento UE 524\/2013 por el que se regula la<br>resoluci\u00f3n extrajudicial de conflictos de conformidad con el contenido del mismo. La Comisi\u00f3n Europea<br>facilita una plataforma de resoluci\u00f3n de ligios en l\u00ednea, la cual se encuentra disponible en el siguiente enlace:<br>https:\/\/ec.europa.eu\/consumers\/odr\/main\/index.cfm?event=main.home2.show&amp;Ing=ES<\/p>\n","protected":false},"excerpt":{"rendered":"<p>AVISO LEGAL En cumplimiento de la Ley 34\/2002, de 11 de julio, de servicios de la sociedad de la informaci\u00f3n y decomercio electr\u00f3nico (LSSI),&hellip;<\/p>\n","protected":false},"author":3,"featured_media":0,"parent":0,"menu_order":0,"comment_status":"closed","ping_status":"closed","template":"","meta":{"_lmt_disableupdate":"","_lmt_disable":"","footnotes":""},"class_list":["post-6757","page","type-page","status-publish","hentry"],"_links":{"self":[{"href":"https:\/\/laquitxalla.com\/ca\/wp-json\/wp\/v2\/pages\/6757","targetHints":{"allow":["GET"]}}],"collection":[{"href":"https:\/\/laquitxalla.com\/ca\/wp-json\/wp\/v2\/pages"}],"about":[{"href":"https:\/\/laquitxalla.com\/ca\/wp-json\/wp\/v2\/types\/page"}],"author":[{"embeddable":true,"href":"https:\/\/laquitxalla.com\/ca\/wp-json\/wp\/v2\/users\/3"}],"replies":[{"embeddable":true,"href":"https:\/\/laquitxalla.com\/ca\/wp-json\/wp\/v2\/comments?post=6757"}],"version-history":[{"count":3,"href":"https:\/\/laquitxalla.com\/ca\/wp-json\/wp\/v2\/pages\/6757\/revisions"}],"predecessor-version":[{"id":7438,"href":"https:\/\/laquitxalla.com\/ca\/wp-json\/wp\/v2\/pages\/6757\/revisions\/7438"}],"wp:attachment":[{"href":"https:\/\/laquitxalla.com\/ca\/wp-json\/wp\/v2\/media?parent=6757"}],"curies":[{"name":"wp","href":"https:\/\/api.w.org\/{rel}","templated":true}]}}