{"id":7476,"date":"2021-10-20T14:36:56","date_gmt":"2021-10-20T13:36:56","guid":{"rendered":"https:\/\/laquitxalla.com\/?page_id=7476"},"modified":"2026-05-06T21:24:45","modified_gmt":"2026-05-06T20:24:45","slug":"lista-nacimiento","status":"publish","type":"page","link":"https:\/\/laquitxalla.com\/ca\/lista-nacimiento\/","title":{"rendered":"Llista de naixement"},"content":{"rendered":"\t\t<div data-elementor-type=\"wp-page\" data-elementor-id=\"7476\" class=\"elementor elementor-7476\">\n\t\t\t\t\t\t<section class=\"penci-section penci-disSticky penci-structure-10 elementor-section elementor-top-section elementor-element elementor-element-36be1d32 elementor-section-boxed elementor-section-height-default elementor-section-height-default\" data-id=\"36be1d32\" data-element_type=\"section\" data-e-type=\"section\">\n\t\t\t\t\t\t<div class=\"elementor-container elementor-column-gap-default\">\n\t\t\t\t\t<div class=\"penci-ercol-100 penci-ercol-order-1 penci-sticky-ct    elementor-column elementor-col-100 elementor-top-column elementor-element elementor-element-3a336e7d\" data-id=\"3a336e7d\" data-element_type=\"column\" data-e-type=\"column\">\n\t\t\t<div class=\"elementor-widget-wrap elementor-element-populated\">\n\t\t\t\t\t\t<div class=\"elementor-element elementor-element-35d57d93 elementor-widget elementor-widget-text-editor\" data-id=\"35d57d93\" data-element_type=\"widget\" data-e-type=\"widget\" data-widget_type=\"text-editor.default\">\n\t\t\t\t<div class=\"elementor-widget-container\">\n\t\t\t\t\t\t\t\t\t\n<h4><strong>Com funciona la Llista de Naixement?<\/strong><\/h4>\n<p>Si sereu pares i us han comen\u00e7at a fer les preguntes de Qu\u00e8 us regalo? Qu\u00e8 necessites? Ja li has comprat el\u2026? No et preocupis, la soluci\u00f3 \u00e9s senzilla: crear una LLISTA DE NAIXEMENT.<\/p>\n<p>La llista de naixement \u00e9s una recopilaci\u00f3 de totes les coses que necessitareu quan neixi el vostre nad\u00f3. Vosaltres mateixos sou els que podreu seleccionar els articles que m\u00e9s us agradin, els que us fan falta o els que espereu amb il\u00b7lusi\u00f3.<\/p>\n<p>D&#8217;aquesta manera segur que els familiars i amics encerten amb els regals!<\/p>\n<div class=\"wp-block-image\">\n<figure class=\"aligncenter size-large is-resized\"><img decoding=\"async\" class=\"alignnone wp-image-7477\" src=\"https:\/\/laquitxalla.com\/wp-content\/uploads\/2021\/10\/list-g10af8cc87_1280-1024x1024.png\" alt=\"\" width=\"100\" height=\"100\" srcset=\"https:\/\/laquitxalla.com\/wp-content\/uploads\/2021\/10\/list-g10af8cc87_1280-1024x1024.png 1024w, https:\/\/laquitxalla.com\/wp-content\/uploads\/2021\/10\/list-g10af8cc87_1280-300x300.png 300w, https:\/\/laquitxalla.com\/wp-content\/uploads\/2021\/10\/list-g10af8cc87_1280-150x150.png 150w, https:\/\/laquitxalla.com\/wp-content\/uploads\/2021\/10\/list-g10af8cc87_1280-768x768.png 768w, https:\/\/laquitxalla.com\/wp-content\/uploads\/2021\/10\/list-g10af8cc87_1280-1170x1170.png 1170w, https:\/\/laquitxalla.com\/wp-content\/uploads\/2021\/10\/list-g10af8cc87_1280-585x585.png 585w, https:\/\/laquitxalla.com\/wp-content\/uploads\/2021\/10\/list-g10af8cc87_1280-600x600.png 600w, https:\/\/laquitxalla.com\/wp-content\/uploads\/2021\/10\/list-g10af8cc87_1280-100x100.png 100w, https:\/\/laquitxalla.com\/wp-content\/uploads\/2021\/10\/list-g10af8cc87_1280.png 1280w\" sizes=\"(max-width: 100px) 100vw, 100px\" \/><\/figure>\n<\/div>\n<p>Realitzar la vostra llista de naixement \u00e9s molt f\u00e0cil, nom\u00e9s heu de venir a la nostra botiga i us ajudarem a crear-la.<\/p>\n<p>Podreu triar tots els articles que us fan falta per a la canastreta, higiene, passeig, alimentaci\u00f3, descans o seguretat del nad\u00f3, entre d&#8217;altres.<br \/>Despr\u00e9s, a trav\u00e9s de la nostra web i amb un codi d&#8217;acc\u00e9s, podreu accedir i convidar els familiars i amics perqu\u00e8 pugueu triar l&#8217;article que preferiu.<\/p>\n<p>Contacteu amb nosaltres per crear la vostra llista de naixement.<span id=\"__symantecMPKIClientDetector\" style=\"display: none;\">__PRESENT<\/span><\/p>\n\t\t\t\t\t\t\t\t<\/div>\n\t\t\t\t<\/div>\n\t\t\t\t<div class=\"elementor-element elementor-element-3c8c6b6 elementor-align-center elementor-widget elementor-widget-button\" data-id=\"3c8c6b6\" data-element_type=\"widget\" data-e-type=\"widget\" data-widget_type=\"button.default\">\n\t\t\t\t<div class=\"elementor-widget-container\">\n\t\t\t\t\t\t\t\t\t<div class=\"elementor-button-wrapper\">\n\t\t\t\t\t<a class=\"elementor-button elementor-button-link elementor-size-sm\" href=\"#contacta\">\n\t\t\t\t\t\t<span class=\"elementor-button-content-wrapper\">\n\t\t\t\t\t\t\t\t\t<span class=\"elementor-button-text\">Contacta<\/span>\n\t\t\t\t\t<\/span>\n\t\t\t\t\t<\/a>\n\t\t\t\t<\/div>\n\t\t\t\t\t\t\t\t<\/div>\n\t\t\t\t<\/div>\n\t\t\t\t\t<\/div>\n\t\t<\/div>\n\t\t\t\t\t<\/div>\n\t\t<\/section>\n\t\t\t\t<section class=\"penci-section penci-disSticky penci-structure-10 elementor-section elementor-top-section elementor-element elementor-element-87d6ef0 elementor-section-boxed elementor-section-height-default elementor-section-height-default\" data-id=\"87d6ef0\" data-element_type=\"section\" data-e-type=\"section\">\n\t\t\t\t\t\t<div class=\"elementor-container elementor-column-gap-default\">\n\t\t\t\t\t<div class=\"penci-ercol-100 penci-ercol-order-1 penci-sticky-ct    elementor-column elementor-col-100 elementor-top-column elementor-element elementor-element-7276992\" data-id=\"7276992\" data-element_type=\"column\" data-e-type=\"column\">\n\t\t\t<div class=\"elementor-widget-wrap elementor-element-populated\">\n\t\t\t\t\t\t<div class=\"elementor-element elementor-element-54217ec elementor-widget elementor-widget-text-editor\" data-id=\"54217ec\" data-element_type=\"widget\" data-e-type=\"widget\" data-widget_type=\"text-editor.default\">\n\t\t\t\t<div class=\"elementor-widget-container\">\n\t\t\t\t\t\t\t\t\t\n<h4><strong>Est\u00e0s buscant la llista de naixement d&#8217;un amic o familiar?<\/strong><\/h4>\n\n<p><span id=\"__symantecMPKIClientDetector\" style=\"display: none;\">__PRESENT<\/span><\/p>\t\t\t\t\t\t\t\t<\/div>\n\t\t\t\t<\/div>\n\t\t\t\t\t<\/div>\n\t\t<\/div>\n\t\t\t\t\t<\/div>\n\t\t<\/section>\n\t\t\t\t<section class=\"penci-section penci-disSticky penci-structure-40 elementor-section elementor-top-section elementor-element elementor-element-1b99629 elementor-section-boxed elementor-section-height-default elementor-section-height-default\" data-id=\"1b99629\" data-element_type=\"section\" data-e-type=\"section\">\n\t\t\t\t\t\t<div class=\"elementor-container elementor-column-gap-default\">\n\t\t\t\t\t<div class=\"penci-ercol-25 penci-ercol-order-1 penci-sticky-sb penci-sidebarSC   elementor-column elementor-col-25 elementor-top-column elementor-element elementor-element-97d8795\" data-id=\"97d8795\" data-element_type=\"column\" data-e-type=\"column\">\n\t\t\t<div class=\"elementor-widget-wrap elementor-element-populated\">\n\t\t\t\t\t\t<div class=\"elementor-element elementor-element-1216808 elementor-align-center elementor-widget elementor-widget-button\" data-id=\"1216808\" data-element_type=\"widget\" data-e-type=\"widget\" data-widget_type=\"button.default\">\n\t\t\t\t<div class=\"elementor-widget-container\">\n\t\t\t\t\t\t\t\t\t<div class=\"elementor-button-wrapper\">\n\t\t\t\t\t<a class=\"elementor-button elementor-button-link elementor-size-sm\" href=\"\/jess-xavi\">\n\t\t\t\t\t\t<span class=\"elementor-button-content-wrapper\">\n\t\t\t\t\t\t\t\t\t<span class=\"elementor-button-text\">Jess i Xavi<\/span>\n\t\t\t\t\t<\/span>\n\t\t\t\t\t<\/a>\n\t\t\t\t<\/div>\n\t\t\t\t\t\t\t\t<\/div>\n\t\t\t\t<\/div>\n\t\t\t\t<div class=\"elementor-element elementor-element-424f249 elementor-align-center elementor-widget elementor-widget-button\" data-id=\"424f249\" data-element_type=\"widget\" data-e-type=\"widget\" data-widget_type=\"button.default\">\n\t\t\t\t<div class=\"elementor-widget-container\">\n\t\t\t\t\t\t\t\t\t<div class=\"elementor-button-wrapper\">\n\t\t\t\t\t<a class=\"elementor-button elementor-button-link elementor-size-sm\" href=\"\/laura-vahe\">\n\t\t\t\t\t\t<span class=\"elementor-button-content-wrapper\">\n\t\t\t\t\t\t\t\t\t<span class=\"elementor-button-text\">.<\/span>\n\t\t\t\t\t<\/span>\n\t\t\t\t\t<\/a>\n\t\t\t\t<\/div>\n\t\t\t\t\t\t\t\t<\/div>\n\t\t\t\t<\/div>\n\t\t\t\t\t<\/div>\n\t\t<\/div>\n\t\t\t\t<div class=\"penci-ercol-25 penci-ercol-order-2 penci-sticky-sb penci-sidebarSC   elementor-column elementor-col-25 elementor-top-column elementor-element elementor-element-36a5bec\" data-id=\"36a5bec\" data-element_type=\"column\" data-e-type=\"column\">\n\t\t\t<div class=\"elementor-widget-wrap elementor-element-populated\">\n\t\t\t\t\t\t<div class=\"elementor-element elementor-element-d256c60 elementor-align-center elementor-widget elementor-widget-button\" data-id=\"d256c60\" data-element_type=\"widget\" data-e-type=\"widget\" data-widget_type=\"button.default\">\n\t\t\t\t<div class=\"elementor-widget-container\">\n\t\t\t\t\t\t\t\t\t<div class=\"elementor-button-wrapper\">\n\t\t\t\t\t<a class=\"elementor-button elementor-button-link elementor-size-sm\" href=\"\/cristina-aleix\">\n\t\t\t\t\t\t<span class=\"elementor-button-content-wrapper\">\n\t\t\t\t\t\t\t\t\t<span class=\"elementor-button-text\">Cristina i Aleix<\/span>\n\t\t\t\t\t<\/span>\n\t\t\t\t\t<\/a>\n\t\t\t\t<\/div>\n\t\t\t\t\t\t\t\t<\/div>\n\t\t\t\t<\/div>\n\t\t\t\t\t<\/div>\n\t\t<\/div>\n\t\t\t\t<div class=\"penci-ercol-25 penci-ercol-order-3 penci-sticky-sb penci-sidebarSC   elementor-column elementor-col-25 elementor-top-column elementor-element elementor-element-e65300c\" data-id=\"e65300c\" data-element_type=\"column\" data-e-type=\"column\">\n\t\t\t<div class=\"elementor-widget-wrap elementor-element-populated\">\n\t\t\t\t\t\t<div class=\"elementor-element elementor-element-d51a6fa elementor-align-center elementor-widget elementor-widget-button\" data-id=\"d51a6fa\" data-element_type=\"widget\" data-e-type=\"widget\" data-widget_type=\"button.default\">\n\t\t\t\t<div class=\"elementor-widget-container\">\n\t\t\t\t\t\t\t\t\t<div class=\"elementor-button-wrapper\">\n\t\t\t\t\t<a class=\"elementor-button elementor-button-link elementor-size-sm\" href=\"\/alba_i_maria\">\n\t\t\t\t\t\t<span class=\"elementor-button-content-wrapper\">\n\t\t\t\t\t\t\t\t\t<span class=\"elementor-button-text\">Alba i Mar\u00eda<\/span>\n\t\t\t\t\t<\/span>\n\t\t\t\t\t<\/a>\n\t\t\t\t<\/div>\n\t\t\t\t\t\t\t\t<\/div>\n\t\t\t\t<\/div>\n\t\t\t\t\t<\/div>\n\t\t<\/div>\n\t\t\t\t<div class=\"penci-ercol-25 penci-ercol-order-4 penci-sticky-sb penci-sidebarSC   elementor-column elementor-col-25 elementor-top-column elementor-element elementor-element-330d5a9\" data-id=\"330d5a9\" data-element_type=\"column\" data-e-type=\"column\">\n\t\t\t<div class=\"elementor-widget-wrap elementor-element-populated\">\n\t\t\t\t\t\t<div class=\"elementor-element elementor-element-2920db1 elementor-align-center elementor-widget elementor-widget-button\" data-id=\"2920db1\" data-element_type=\"widget\" data-e-type=\"widget\" data-widget_type=\"button.default\">\n\t\t\t\t<div class=\"elementor-widget-container\">\n\t\t\t\t\t\t\t\t\t<div class=\"elementor-button-wrapper\">\n\t\t\t\t\t<a class=\"elementor-button elementor-button-link elementor-size-sm\" href=\"https:\/\/laquitxalla.com\/ca\/lista-nacimiento\/https-laquitxalla-com-lista-nacimiento-llista-de-naixement-irina_i_raul\/\">\n\t\t\t\t\t\t<span class=\"elementor-button-content-wrapper\">\n\t\t\t\t\t\t\t\t\t<span class=\"elementor-button-text\">Irina i Raul<\/span>\n\t\t\t\t\t<\/span>\n\t\t\t\t\t<\/a>\n\t\t\t\t<\/div>\n\t\t\t\t\t\t\t\t<\/div>\n\t\t\t\t<\/div>\n\t\t\t\t\t<\/div>\n\t\t<\/div>\n\t\t\t\t\t<\/div>\n\t\t<\/section>\n\t\t\t\t<section class=\"penci-section penci-disSticky penci-structure-10 elementor-section elementor-top-section elementor-element elementor-element-473a450 elementor-section-boxed elementor-section-height-default elementor-section-height-default\" data-id=\"473a450\" data-element_type=\"section\" data-e-type=\"section\" data-settings=\"{&quot;shape_divider_bottom&quot;:&quot;opacity-tilt&quot;}\">\n\t\t\t\t\t<div class=\"elementor-shape elementor-shape-bottom\" aria-hidden=\"true\" data-negative=\"false\">\n\t\t\t<svg xmlns=\"http:\/\/www.w3.org\/2000\/svg\" viewBox=\"0 0 2600 131.1\" preserveAspectRatio=\"none\">\n\t<path class=\"elementor-shape-fill\" d=\"M0 0L2600 0 2600 69.1 0 0z\"\/>\n\t<path class=\"elementor-shape-fill\" style=\"opacity:0.5\" d=\"M0 0L2600 0 2600 69.1 0 69.1z\"\/>\n\t<path class=\"elementor-shape-fill\" style=\"opacity:0.25\" d=\"M2600 0L0 0 0 130.1 2600 69.1z\"\/>\n<\/svg>\t\t<\/div>\n\t\t\t\t\t<div class=\"elementor-container elementor-column-gap-default\">\n\t\t\t\t\t<div class=\"penci-ercol-100 penci-ercol-order-1 penci-sticky-ct    elementor-column elementor-col-100 elementor-top-column elementor-element elementor-element-0e8e0cc\" data-id=\"0e8e0cc\" data-element_type=\"column\" data-e-type=\"column\">\n\t\t\t<div class=\"elementor-widget-wrap\">\n\t\t\t\t\t\t\t<\/div>\n\t\t<\/div>\n\t\t\t\t\t<\/div>\n\t\t<\/section>\n\t\t\t\t<\/div>\n\t\t","protected":false},"excerpt":{"rendered":"<p>Com funciona la Llista de Naixement? Si sereu pares i us han comen\u00e7at a fer les preguntes de Qu\u00e8 us regalo? Qu\u00e8 necessites? Ja&hellip;<\/p>\n","protected":false},"author":4,"featured_media":0,"parent":0,"menu_order":0,"comment_status":"closed","ping_status":"closed","template":"","meta":{"_lmt_disableupdate":"","_lmt_disable":"","footnotes":""},"class_list":["post-7476","page","type-page","status-publish","hentry"],"_links":{"self":[{"href":"https:\/\/laquitxalla.com\/ca\/wp-json\/wp\/v2\/pages\/7476","targetHints":{"allow":["GET"]}}],"collection":[{"href":"https:\/\/laquitxalla.com\/ca\/wp-json\/wp\/v2\/pages"}],"about":[{"href":"https:\/\/laquitxalla.com\/ca\/wp-json\/wp\/v2\/types\/page"}],"author":[{"embeddable":true,"href":"https:\/\/laquitxalla.com\/ca\/wp-json\/wp\/v2\/users\/4"}],"replies":[{"embeddable":true,"href":"https:\/\/laquitxalla.com\/ca\/wp-json\/wp\/v2\/comments?post=7476"}],"version-history":[{"count":128,"href":"https:\/\/laquitxalla.com\/ca\/wp-json\/wp\/v2\/pages\/7476\/revisions"}],"predecessor-version":[{"id":9764,"href":"https:\/\/laquitxalla.com\/ca\/wp-json\/wp\/v2\/pages\/7476\/revisions\/9764"}],"wp:attachment":[{"href":"https:\/\/laquitxalla.com\/ca\/wp-json\/wp\/v2\/media?parent=7476"}],"curies":[{"name":"wp","href":"https:\/\/api.w.org\/{rel}","templated":true}]}}