{"id":1689,"date":"2018-08-26T08:54:50","date_gmt":"2018-08-26T07:54:50","guid":{"rendered":"http:\/\/laquitxalla.com\/?post_type=product&#038;p=1689"},"modified":"2026-02-10T12:28:53","modified_gmt":"2026-02-10T11:28:53","slug":"babycook","status":"publish","type":"product","link":"https:\/\/laquitxalla.com\/ca\/producto\/babycook\/","title":{"rendered":"Babycook"},"content":{"rendered":"<p><strong>Cuece al vapor, mezcla, descongela, calienta. Capacidad XL.<\/strong><\/p>\n<p>Cocci\u00f3n al vapor r\u00e1pida en 15 minutos: preserva los sabores y las vitaminas.<\/p>\n<p>Capacidad de la jarra XXL 1100 ml: Para preparar mayores cantidades en un momento.<\/p>\n<p>\u2022 Mezcla por impulso con cuchilla de efecto cicl\u00f3n: Mezcla de alimentos a medida, para una<\/p>\n<p>textura adaptada a la edad del ni\u00f1o.<\/p>\n<p>\u2022 Recipiente de cocci\u00f3n desmontable : Posibilidad de recuperar el agua de cocci\u00f3n rica en<\/p>\n<p>vitaminas y minerales para modular la textura de los comidas.<\/p>\n<p>\u2022 Dosificador de agua marcado en la jarra: F\u00e1cil dosificaci\u00f3n de las cantidades de agua a<\/p>\n<p>trasvasar al dep\u00f3sito.<\/p>\n<p>\u2022 Parada autom\u00e1tica y se\u00f1al sonora y luminosa al final del ciclo: Para una cocci\u00f3n sin vigilancia<\/p>\n<p>\u2022 Tapa desmontable, facilita la limpieza.<\/p>\n<p>\u2022 Un solo bot\u00f3n de mando (cocci\u00f3n \u2013 mezcla): Soluci\u00f3n ultra-compacta.<\/p>\n<p>\u2022 Cierre de seguridad de la jarra: Un clic sonoro indica que est\u00e1 bien cerrado.<\/p>\n<p>\u2022 Contador de ciclo con indicador luminoso de descalcificaci\u00f3n: Alarma luminosa naranja.<\/p>\n<p>\u2022 Esp\u00e1tula: Permite retirar la cesta de cocci\u00f3n, remover y echar los alimentos en la jarra<\/p>\n<p>sin quemarse.<\/p>\n<p>\u2022 Tapa anti-salpicaduras \/ filtro para batidos amovible: facilita limpiarlo .<\/p>\n<p>Accesorios: Vendido con tapa anti-salpicaduras \/ filtro para batidos, esp\u00e1tula y folleto de\u00a0recetas.<\/p>\n<p>Mantenimiento: Tapadera, cesta de cocci\u00f3n, tapa anti-salpicaduras, cuchilla de mezclas: Lavar<\/p>\n<p>a mano o en el lavaplatos.<\/p>\n<p>Cuerpo del aparato: Limpiar con un pa\u00f1o h\u00famedo. No sumergir.<\/p>\n<p>&nbsp;<\/p>\n","protected":false},"excerpt":{"rendered":"<p><strong>Cuece al vapor, mezcla, descongela, calienta. Capacidad XL.<\/strong><\/p>\n<p>Cocci\u00f3n al vapor r\u00e1pida en 15 minutos: preserva los sabores y las vitaminas.<\/p>\n<p>Capacidad de la jarra XXL 1100 ml: Para preparar mayores cantidades en un momento.<\/p>\n","protected":false},"featured_media":1700,"comment_status":"open","ping_status":"closed","template":"","meta":{"_lmt_disableupdate":"","_lmt_disable":""},"pwb-brand":[88],"product_brand":[],"product_cat":[16],"product_tag":[75,74,73],"class_list":{"0":"post-1689","1":"product","2":"type-product","3":"status-publish","4":"has-post-thumbnail","6":"pwb-brand-beaba","7":"product_cat-pequena-puericultura","8":"product_tag-bebe","9":"product_tag-comida","10":"product_tag-electrodomesticos","12":"first","13":"instock","14":"featured","15":"taxable","16":"shipping-taxable","17":"purchasable","18":"product-type-simple"},"brands":[{"id":88,"name":"B\u00e9aba","slug":"beaba"}],"_links":{"self":[{"href":"https:\/\/laquitxalla.com\/ca\/wp-json\/wp\/v2\/product\/1689","targetHints":{"allow":["GET"]}}],"collection":[{"href":"https:\/\/laquitxalla.com\/ca\/wp-json\/wp\/v2\/product"}],"about":[{"href":"https:\/\/laquitxalla.com\/ca\/wp-json\/wp\/v2\/types\/product"}],"replies":[{"embeddable":true,"href":"https:\/\/laquitxalla.com\/ca\/wp-json\/wp\/v2\/comments?post=1689"}],"wp:featuredmedia":[{"embeddable":true,"href":"https:\/\/laquitxalla.com\/ca\/wp-json\/wp\/v2\/media\/1700"}],"wp:attachment":[{"href":"https:\/\/laquitxalla.com\/ca\/wp-json\/wp\/v2\/media?parent=1689"}],"wp:term":[{"taxonomy":"pwb-brand","embeddable":true,"href":"https:\/\/laquitxalla.com\/ca\/wp-json\/wp\/v2\/pwb-brand?post=1689"},{"taxonomy":"product_brand","embeddable":true,"href":"https:\/\/laquitxalla.com\/ca\/wp-json\/wp\/v2\/product_brand?post=1689"},{"taxonomy":"product_cat","embeddable":true,"href":"https:\/\/laquitxalla.com\/ca\/wp-json\/wp\/v2\/product_cat?post=1689"},{"taxonomy":"product_tag","embeddable":true,"href":"https:\/\/laquitxalla.com\/ca\/wp-json\/wp\/v2\/product_tag?post=1689"}],"curies":[{"name":"wp","href":"https:\/\/api.w.org\/{rel}","templated":true}]}}