{"id":1694,"date":"2018-08-26T09:30:14","date_gmt":"2018-08-26T08:30:14","guid":{"rendered":"http:\/\/laquitxalla.com\/?post_type=product&#038;p=1694"},"modified":"2025-08-23T18:22:20","modified_gmt":"2025-08-23T17:22:20","slug":"multiporciones-6-x-90-ml","status":"publish","type":"product","link":"https:\/\/laquitxalla.com\/ca\/producto\/multiporciones-6-x-90-ml\/","title":{"rendered":"Multiporciones 6 x 90 ml"},"content":{"rendered":"<p><strong>Molde de congelaci\u00f3n.<\/strong><\/p>\n<p>Soluci\u00f3n ahorro de tiempo: Preparaci\u00f3n de 6 porciones de una sola vez.<\/p>\n<p>Permite descongelar la cantidad de comida deseada en funci\u00f3n de la edad y el apetito del beb\u00e9.<\/p>\n<p>\u2022 Alta resistencia t\u00e9rmica: M\u00edn -55\u00b0C \/ -67\u00b0F y m\u00e1x 210\u00b0C \/ 410\u00b0F.<\/p>\n<p>\u2022 Silicona de calidad premium: Muy resistente al desgarro y al desgaste.<\/p>\n<p>\u2022 6 alveolos independientes: Permite preparar al mismo tiempo recetas de distinto sabor.<\/p>\n<p>\u2022 Silicona flexible y preformada: Para facilitar el desmoldeado.<\/p>\n<p>\u2022 Tapadera herm\u00e9tica: Para conservar sabores y olores.<\/p>\n<p>\u2022 Dise\u00f1o ergon\u00f3mico, estructura reforzada y r\u00edgida: Buen mantenimiento y estabilidad del molde al cogerlo.<\/p>\n<p>\u2022 Evolutivo: Se utiliza tambi\u00e9n como molde para dulces.<\/p>\n<p>Mantenimiento: Lavado a mano o en el lavavajillas.<\/p>\n","protected":false},"excerpt":{"rendered":"<p><strong>Molde de congelaci\u00f3n.<\/strong><\/p>\n<p>Soluci\u00f3n ahorro de tiempo: Preparaci\u00f3n de 6 porciones de una sola vez.<\/p>\n<p>Permite descongelar la cantidad de comida deseada en funci\u00f3n de la edad y el apetito del beb\u00e9.<\/p>\n","protected":false},"featured_media":1697,"comment_status":"open","ping_status":"closed","template":"","meta":{"_lmt_disableupdate":"","_lmt_disable":""},"pwb-brand":[],"product_brand":[],"product_cat":[16],"product_tag":[77,76,74],"class_list":{"0":"post-1694","1":"product","2":"type-product","3":"status-publish","4":"has-post-thumbnail","6":"product_cat-pequena-puericultura","7":"product_tag-beaba","8":"product_tag-cocina","9":"product_tag-comida","11":"first","12":"instock","13":"taxable","14":"shipping-taxable","15":"purchasable","16":"product-type-simple"},"brands":[],"_links":{"self":[{"href":"https:\/\/laquitxalla.com\/ca\/wp-json\/wp\/v2\/product\/1694","targetHints":{"allow":["GET"]}}],"collection":[{"href":"https:\/\/laquitxalla.com\/ca\/wp-json\/wp\/v2\/product"}],"about":[{"href":"https:\/\/laquitxalla.com\/ca\/wp-json\/wp\/v2\/types\/product"}],"replies":[{"embeddable":true,"href":"https:\/\/laquitxalla.com\/ca\/wp-json\/wp\/v2\/comments?post=1694"}],"wp:featuredmedia":[{"embeddable":true,"href":"https:\/\/laquitxalla.com\/ca\/wp-json\/wp\/v2\/media\/1697"}],"wp:attachment":[{"href":"https:\/\/laquitxalla.com\/ca\/wp-json\/wp\/v2\/media?parent=1694"}],"wp:term":[{"taxonomy":"pwb-brand","embeddable":true,"href":"https:\/\/laquitxalla.com\/ca\/wp-json\/wp\/v2\/pwb-brand?post=1694"},{"taxonomy":"product_brand","embeddable":true,"href":"https:\/\/laquitxalla.com\/ca\/wp-json\/wp\/v2\/product_brand?post=1694"},{"taxonomy":"product_cat","embeddable":true,"href":"https:\/\/laquitxalla.com\/ca\/wp-json\/wp\/v2\/product_cat?post=1694"},{"taxonomy":"product_tag","embeddable":true,"href":"https:\/\/laquitxalla.com\/ca\/wp-json\/wp\/v2\/product_tag?post=1694"}],"curies":[{"name":"wp","href":"https:\/\/api.w.org\/{rel}","templated":true}]}}