{"id":2021,"date":"2019-06-11T10:15:29","date_gmt":"2019-06-11T09:15:29","guid":{"rendered":"https:\/\/laquitxalla.com\/?post_type=product&#038;p=2021"},"modified":"2025-10-19T21:06:21","modified_gmt":"2025-10-19T20:06:21","slug":"prima-pappa-zero3-follow-me-mon-amour","status":"publish","type":"product","link":"https:\/\/laquitxalla.com\/ca\/producto\/prima-pappa-zero3-follow-me-mon-amour\/","title":{"rendered":"Prima Pappa Zero3 Follow Me"},"content":{"rendered":"<section class=\"col_full \">\n<div class=\"feature_desc\">\n<h2>DOS C\u00d3MODOS PRODUCTOS EN UNO<\/h2>\n<p>Prima Pappa FollowMe cuenta con el <b>sistema Comfort Recline<\/b>\u00a0Peg Perego, que transforma la trona en una\u00a0<b>mecedora<\/b>, para utilizarla\u00a0<b>ya durante los primeros d\u00edas de vida<\/b>. Reclinando el respaldo a m\u00e1s de 150\u00b0,\u00a0<b>el asiento se desplaza simult\u00e1neamente hacia delante<\/b>, transformando la trona en una acogedora cunita para dulces sue\u00f1os en toda\u00a0<b>comodidad<\/b>.<br \/>\nPor su\u00a0<b>facilidad de uso, es el producto ideal<\/b>\u00a0para dejar en la casa de vacaciones, en la de los\u00a0<b>abuelos<\/b>\u00a0o a la ni\u00f1era.<\/p>\n<\/div>\n<\/section>\n<section class=\"col_full last\">\n<div class=\"feature_icon\"><span style=\"font-family: Raleway, sans-serif; font-size: 22px; font-weight: bold; letter-spacing: 0px;\">PEG PEREGO SE VE QUE VALE M\u00c1S. PEQUE\u00d1O TAMA\u00d1O, GRAN COMODIDAD<\/span><\/div>\n<div class=\"feature_desc\">\n<p>Prima Pappa FollowMe <b>se desplaza con facilidad por toda la casa,<\/b>\u00a0gracias a su peso y tama\u00f1o reducidos<b>.<\/b>\u00a0Cerrada es muy\u00a0<b>compacta, ocupa poco espacio<\/b>\u00a0y es f\u00e1cil de guardar.<\/p>\n<p>Es la m\u00e1s peque\u00f1a de la familia Peg Perego, pero la calidad y los desempe\u00f1os son siempre grandes:<\/p>\n<p>\u2022\u00a0<b>Regulaci\u00f3n de la altura en 7 posiciones<\/b>; cuando crece, puedes sentarle\u00a0<b>a la mesa como los grandes<\/b>\u00a0retirando la\u00a0<b>bandeja desmontable<\/b>.<br \/>\n\u2022\u00a0<b>Respaldo reclinable<\/b>\u00a0en 5 posiciones y a m\u00e1s de 150\u00b0.<br \/>\n\u2022\u00a0<b>Reposapi\u00e9s<\/b>\u00a0ajustable en 3 posiciones.<br \/>\n\u2022\u00a0<b>Asiento anat\u00f3mico<\/b>\u00a0acolchado con\u00a0<b>cintur\u00f3n de seguridad<\/b>\u00a0de 5 puntos de altura regulable, para seguir el crecimiento del ni\u00f1o.<br \/>\n\u2022\u00a0<b>Correa anat\u00f3mica de la entrepierna<\/b>, que ofrece una enorme seguridad, incluso cuando el ni\u00f1o todav\u00eda es peque\u00f1o.<br \/>\n\u2022\u00a0<b>Revestimiento en PVC o piel sint\u00e9tica<\/b>, f\u00e1cilmente lavable con un pa\u00f1o h\u00famedo.<br \/>\n\u2022\u00a0<b>Doble bandeja desmontable\u00a0<\/b>con portavasos o portabiber\u00f3n, f\u00e1cil de\u00a0<b>lavar en el lavavajillas\u00a0<\/b>para una higiene perfecta.<br \/>\n\u2022 La\u00a0<b>bandeja,<\/b>\u00a0cuando no se utiliza, se puede enganchar en las patas de la trona para\u00a0<b>evitar estorbos.<\/b><br \/>\n\u2022\u00a0<b>Cerrada es realmente compacta<\/b>, se mantiene de pie sola, ocupa poqu\u00edsimo espacio y es f\u00e1cil de guardar.<\/p>\n<\/div>\n<h2>CARACTER\u00cdSTICAS T\u00c9CNICAS<\/h2>\n<section class=\"col_full\">\n<div class=\"pcrstb-wrap\"><table>\n<tbody>\n<tr>\n<td><b>Por qu\u00e9 escoger PRIMA PAPPA ZERO3<\/b><\/td>\n<td>Incluye dos productos en uno: cunita y trona multifunci\u00f3n, que acompa\u00f1an a tu beb\u00e9 de 0 a 36 meses. Ligera y compacta, tambi\u00e9n es ideal para dejar en la casa de vacaciones, en lo de los abuelos o en lo de la ni\u00f1era.<\/td>\n<\/tr>\n<tr>\n<td><b>Homologaciones<\/b><\/td>\n<td>EN 12790_14988 Se puede utilizar desde el nacimiento.<\/td>\n<\/tr>\n<tr>\n<td><b>Edad de uso<\/b><\/td>\n<td>De 0 a 36 meses<\/td>\n<\/tr>\n<tr>\n<td><b>Caracter\u00edsticas del producto<\/b><\/td>\n<td>Asiento con respaldo y reposapi\u00e9s regulables, apropiado para beb\u00e9s reci\u00e9n nacidos gracias al acogedor asiento, con doble bandeja y correa anat\u00f3mica de la entrepierna.<\/td>\n<\/tr>\n<tr>\n<td><b>Accesorios<\/b><\/td>\n<td>Play Bar, Baby Cushion.<\/td>\n<\/tr>\n<tr>\n<td><b>Gama de colores<\/b><\/td>\n<td>Tucano, Coccinella, Nuvola Grey, Babydot Beige, Fragola, Paloma, Licorice, Arancia, Mela, Petrolio, Ice, Bear Coral, Bear Azul, Bear Cream.<\/td>\n<\/tr>\n<tr>\n<td><b>Cierre<\/b><\/td>\n<td>F\u00e1cil de cerrar, se mantiene de pie sola.<\/td>\n<\/tr>\n<tr>\n<td><b>Cierre S\u00daPER COMPACTO<\/b><\/td>\n<td>Cierre s\u00faper compacto para guardarla con facilidad.<\/td>\n<\/tr>\n<tr>\n<td><b>Asiento<\/b><\/td>\n<td>Suave, anat\u00f3mico, con cinturones de seguridad de 5 puntos de altura regulable en 7 posiciones.<\/td>\n<\/tr>\n<tr>\n<td><b>Respaldo\/ Reposapi\u00e9s<\/b><\/td>\n<td>Con Sistema Comfort Recline: reclinando el respaldo a m\u00e1s de 150\u00b0, el asiento se desplaza hacia delante y la trona se transforma en una acogedora mecedora. Respaldo regulable en 5 posiciones y a m\u00e1s de 150\u00b0. Reposapi\u00e9s regulable en 3 posiciones.<\/td>\n<\/tr>\n<tr>\n<td><b>Bandeja<\/b><\/td>\n<td>Doble bandeja, extra\u00edble y regulable en 2 posiciones. La bandeja superior se puede lavar en lavavajillas y tiene posavasos o portabiber\u00f3n. La bandeja se puede colocar otra vez en la estructura. Tambi\u00e9n se puede utilizar sin bandeja, para que el ni\u00f1o coma en la mesa.<\/td>\n<\/tr>\n<tr>\n<td><b>Ruedas<\/b><\/td>\n<td>Peque\u00f1as ruedas traseras a prueba de rayas, ideales para el parqu\u00e9.<\/td>\n<\/tr>\n<tr>\n<td><b>Frenos<\/b><\/td>\n<td>Topes delanteros.<\/td>\n<\/tr>\n<tr>\n<td><b>Varios<\/b><\/td>\n<td>De 0 a tres a\u00f1os en\u2026 todas las etapas del crecimiento.<\/td>\n<\/tr>\n<tr>\n<td><b>Material de la estructura<\/b><\/td>\n<td>En hierro, permite obtener una estructura muy s\u00f3lida, combinada con componentes de pl\u00e1stico muy ligeros.<\/td>\n<\/tr>\n<tr>\n<td><b>Material de revestimiento<\/b><\/td>\n<td>Piel sint\u00e9tica y PVC, lavables con un pa\u00f1o h\u00famedo<\/td>\n<\/tr>\n<tr>\n<td><b>Medidas abierta<\/b><\/td>\n<td>55 X 104,5 X 75,5 cm (anchura, altura, profundidad).<\/td>\n<\/tr>\n<tr>\n<td><b>Medidas silla cerrada<\/b><\/td>\n<td>55 x 95,5 x 30 cm (anchura, altura, profundidad).<\/td>\n<\/tr>\n<tr>\n<td><b>Peso<\/b><\/td>\n<td>7,6 Kg.<\/td>\n<\/tr>\n<\/tbody>\n<\/table><\/div>\n<\/section>\n<\/section>\n","protected":false},"excerpt":{"rendered":"<h2>DOS C\u00d3MODOS PRODUCTOS EN UNO<\/h2>\n<p>Prima Pappa Zero3 cuenta con el\u00a0<b>sistema Comfort Recline<\/b>\u00a0Peg Perego, que transforma la trona en una\u00a0<b>mecedora<\/b>, para utilizarla\u00a0<b>ya durante los primeros d\u00edas de vida<\/b>. Reclinando el respaldo a m\u00e1s de 150\u00b0,\u00a0<b>el asiento se desplaza simult\u00e1neamente hacia delante<\/b>, transformando la trona en una acogedora cunita para dulces sue\u00f1os en toda\u00a0<b>comodidad<\/b>.<br \/>\nPor su\u00a0<b>facilidad de uso, es el producto ideal<\/b>\u00a0para dejar en la casa de vacaciones, en la de los\u00a0<b>abuelos<\/b>\u00a0o a la ni\u00f1era.<\/p>\n","protected":false},"featured_media":2032,"comment_status":"open","ping_status":"closed","template":"","meta":{"_lmt_disableupdate":"","_lmt_disable":""},"pwb-brand":[85],"product_brand":[],"product_cat":[45],"product_tag":[74,121,144,50],"class_list":{"0":"post-2021","1":"product","2":"type-product","3":"status-publish","4":"has-post-thumbnail","6":"pwb-brand-peg-perego","7":"product_cat-tronas","8":"product_tag-comida","9":"product_tag-descanso","10":"product_tag-merienda","11":"product_tag-tronas","13":"first","14":"onbackorder","15":"featured","16":"taxable","17":"shipping-taxable","18":"purchasable","19":"product-type-variable","20":"has-default-attributes"},"brands":[{"id":85,"name":"Peg-P\u00e9rego","slug":"peg-perego"}],"_links":{"self":[{"href":"https:\/\/laquitxalla.com\/ca\/wp-json\/wp\/v2\/product\/2021","targetHints":{"allow":["GET"]}}],"collection":[{"href":"https:\/\/laquitxalla.com\/ca\/wp-json\/wp\/v2\/product"}],"about":[{"href":"https:\/\/laquitxalla.com\/ca\/wp-json\/wp\/v2\/types\/product"}],"replies":[{"embeddable":true,"href":"https:\/\/laquitxalla.com\/ca\/wp-json\/wp\/v2\/comments?post=2021"}],"wp:featuredmedia":[{"embeddable":true,"href":"https:\/\/laquitxalla.com\/ca\/wp-json\/wp\/v2\/media\/2032"}],"wp:attachment":[{"href":"https:\/\/laquitxalla.com\/ca\/wp-json\/wp\/v2\/media?parent=2021"}],"wp:term":[{"taxonomy":"pwb-brand","embeddable":true,"href":"https:\/\/laquitxalla.com\/ca\/wp-json\/wp\/v2\/pwb-brand?post=2021"},{"taxonomy":"product_brand","embeddable":true,"href":"https:\/\/laquitxalla.com\/ca\/wp-json\/wp\/v2\/product_brand?post=2021"},{"taxonomy":"product_cat","embeddable":true,"href":"https:\/\/laquitxalla.com\/ca\/wp-json\/wp\/v2\/product_cat?post=2021"},{"taxonomy":"product_tag","embeddable":true,"href":"https:\/\/laquitxalla.com\/ca\/wp-json\/wp\/v2\/product_tag?post=2021"}],"curies":[{"name":"wp","href":"https:\/\/api.w.org\/{rel}","templated":true}]}}