{"id":7460,"date":"2021-05-23T10:06:39","date_gmt":"2021-05-23T09:06:39","guid":{"rendered":"https:\/\/laquitxalla.com\/?post_type=product&#038;p=7460"},"modified":"2026-02-04T10:33:24","modified_gmt":"2026-02-04T09:33:24","slug":"silla-de-auto-britax-romer-dualfix-i-size-40-105-cm-storm-grey","status":"publish","type":"product","link":"https:\/\/laquitxalla.com\/es\/producto\/silla-de-auto-britax-romer-dualfix-i-size-40-105-cm-storm-grey\/","title":{"rendered":"Silla de Auto Britax R\u00f6mer Dualfix Pro i-Size"},"content":{"rendered":"<p>Silla de Auto Dualfix i-Size (40 &#8211; 105 cm.) Cosmos Black, en negro.<\/p>\n<p>Caracter\u00edsticas:<br \/>\nHomologada bajo la nueva Normativa ECE R129 (conocida como i-Size), la Silla de Coche Britax R\u00f6mer Dualfix i-Size se orienta a contramarcha desde los 40 hasta los 105 cm. de estatura o 18 Kg. (lo que antes suceda), es decir, desde el nacimiento hasta los 4 a\u00f1os de edad, aproximadamente.<\/p>\n<p>Al girar 360\u00ba, opcionalmente tambi\u00e9n puede orientarse de cara a la marcha desde los 76 cm. y 15 meses y hasta los 105 cm. de estatura, adem\u00e1s de rotar 90\u00ba hacia ambos lados para que colocar y abrochar al ni\u00f1o desde la puerta abierta del Coche sea m\u00e1s sencillo.<\/p>\n<p>Reclina en 6 posiciones tanto de espaldas como de cara a la marcha, incluida una posici\u00f3n m\u00e1s reclinada y ergon\u00f3mica para reci\u00e9n nacidos, y la Silla puede girar en cualquier posici\u00f3n de reclinaci\u00f3n.<\/p>\n<p>Incluye Reductor para Reci\u00e9n Nacido (para su uso hasta los 60 cm. de estatura) con elementos de absorci\u00f3n extra\u00edbles.<\/p>\n<p>Para adaptarse mejor al Asiento del coche y ofrecer hasta un 10% m\u00e1s de espacio para las piernas, la Barra Antivuelco es ajustable en 8 grados.<\/p>\n<p>Los Conectores Isofix cuentan con Pivot Link, patentado por Britax R\u00f6mer, que, en un primer momento, dirige la fuerza del impacto hacia abajo, empujando la Silla contra el Asiento del veh\u00edculo y absorbiendo la energ\u00eda, para a continuaci\u00f3n ir hacia delante m\u00e1s suavemente. As\u00ed se reduce el riesgo de lesiones en la cabeza y el cuello.<\/p>\n<p>El Reposacabezas en forma de V ha sido espec\u00edficamente dise\u00f1ado para mantener controlado el movimiento de la cabeza en caso de colisi\u00f3n lateral, adem\u00e1s de aportar comodidad. Puede ajustarse f\u00e1cilmente y con sola mano, junto con el Arn\u00e9s de cinco puntos, para adaptarse al crecimiento del ni\u00f1o.<\/p>\n<p>Las suaves Almohadillas para el pecho, fabricadas en Neopreno de alta calidad, reducen el movimiento del ni\u00f1o hacia delante en caso de impacto y proporcionan m\u00e1s comodidad al arn\u00e9s.<\/p>\n<p>El Sistema de absorci\u00f3n de Impactos Laterales SICT inside est\u00e1 integrado en la carcasa de la Silla y siempre est\u00e1 preparado para actuar en caso de colisi\u00f3n, sin necesidad de ajustarlo.<\/p>\n<p>El Tapizado y las Almohadillas para el pecho se extraen con facilidad para lavarlas a m\u00e1quina, sin retirar el Arn\u00e9s.<\/p>\n<p>Instalaci\u00f3n: con Isofix y Pata de Apoyo. Es compatible con cualquier Asiento de veh\u00edculo Homologado como i-Size. En Coches sin Asientos i-Size, hay que consultar la compatibilidad en la lista de veh\u00edculos homologados.<\/p>\n<p>Posiciones de Reclinado: 6 a contramarcha y 6 de cara a la marcha.<\/p>\n<p>Reversible: a contramarcha (40 &#8211; 105 cm.); de cara a la marcha (76 cm. y 15 meses &#8211; 105 cm.).<\/p>","protected":false},"excerpt":{"rendered":"<p>Silla de Auto Britax R\u00f6mer Dualfix i-Size (40 &#8211; 105 cm.) Cosmos Black<\/p>\n<p>Caracter\u00edsticas:<br \/>\nHomologada bajo la nueva Normativa ECE R129 (conocida como i-Size), la Silla de Coche Britax R\u00f6mer Dualfix i-Size se orienta a contramarcha desde los 40 hasta los 105 cm. de estatura o 18 Kg. (lo que antes suceda), es decir, desde el nacimiento hasta los 4 a\u00f1os de edad, aproximadamente.<\/p>","protected":false},"featured_media":7775,"comment_status":"open","ping_status":"closed","template":"","meta":{"_lmt_disableupdate":"","_lmt_disable":""},"pwb-brand":[214],"product_brand":[],"product_cat":[15,21],"product_tag":[],"class_list":{"0":"post-7460","1":"product","2":"type-product","3":"status-publish","4":"has-post-thumbnail","6":"pwb-brand-britax-romer","7":"product_cat-puericultura","8":"product_cat-sillas-coche","10":"first","11":"instock","12":"featured","13":"taxable","14":"shipping-taxable","15":"purchasable","16":"product-type-simple"},"brands":[{"id":214,"name":"Britax R\u00f6mer","slug":"britax-romer"}],"_links":{"self":[{"href":"https:\/\/laquitxalla.com\/es\/wp-json\/wp\/v2\/product\/7460","targetHints":{"allow":["GET"]}}],"collection":[{"href":"https:\/\/laquitxalla.com\/es\/wp-json\/wp\/v2\/product"}],"about":[{"href":"https:\/\/laquitxalla.com\/es\/wp-json\/wp\/v2\/types\/product"}],"replies":[{"embeddable":true,"href":"https:\/\/laquitxalla.com\/es\/wp-json\/wp\/v2\/comments?post=7460"}],"wp:featuredmedia":[{"embeddable":true,"href":"https:\/\/laquitxalla.com\/es\/wp-json\/wp\/v2\/media\/7775"}],"wp:attachment":[{"href":"https:\/\/laquitxalla.com\/es\/wp-json\/wp\/v2\/media?parent=7460"}],"wp:term":[{"taxonomy":"pwb-brand","embeddable":true,"href":"https:\/\/laquitxalla.com\/es\/wp-json\/wp\/v2\/pwb-brand?post=7460"},{"taxonomy":"product_brand","embeddable":true,"href":"https:\/\/laquitxalla.com\/es\/wp-json\/wp\/v2\/product_brand?post=7460"},{"taxonomy":"product_cat","embeddable":true,"href":"https:\/\/laquitxalla.com\/es\/wp-json\/wp\/v2\/product_cat?post=7460"},{"taxonomy":"product_tag","embeddable":true,"href":"https:\/\/laquitxalla.com\/es\/wp-json\/wp\/v2\/product_tag?post=7460"}],"curies":[{"name":"wp","href":"https:\/\/api.w.org\/{rel}","templated":true}]}}