{"id":7921,"date":"2022-08-05T20:16:55","date_gmt":"2022-08-05T19:16:55","guid":{"rendered":"https:\/\/laquitxalla.com\/?post_type=product&#038;p=7921"},"modified":"2025-08-23T18:20:19","modified_gmt":"2025-08-23T17:20:19","slug":"silla-de-coche-safe-three","status":"publish","type":"product","link":"https:\/\/laquitxalla.com\/es\/producto\/silla-de-coche-safe-three\/","title":{"rendered":"Silla de coche safe three"},"content":{"rendered":"","protected":false},"excerpt":{"rendered":"<p>Elevador para Grupo II-III. Homologado bajo normativa R44\/04, desde 15 hasta 36 kg. Confort y seguridad para los ni\u00f1os m\u00e1s mayores. Ocupa muy poco espacio en el interior del autom\u00f3vil.<\/p>","protected":false},"featured_media":7923,"comment_status":"open","ping_status":"closed","template":"","meta":{"_lmt_disableupdate":"","_lmt_disable":""},"pwb-brand":[250],"product_brand":[],"product_cat":[24],"product_tag":[248,249],"class_list":{"0":"post-7921","1":"product","2":"type-product","3":"status-publish","4":"has-post-thumbnail","6":"pwb-brand-play","7":"product_cat-elevadores","8":"product_tag-puericultura","9":"product_tag-silla-de-coche","11":"first","12":"instock","13":"taxable","14":"shipping-taxable","15":"purchasable","16":"product-type-variable"},"brands":[{"id":250,"name":"Play","slug":"play"}],"_links":{"self":[{"href":"https:\/\/laquitxalla.com\/es\/wp-json\/wp\/v2\/product\/7921","targetHints":{"allow":["GET"]}}],"collection":[{"href":"https:\/\/laquitxalla.com\/es\/wp-json\/wp\/v2\/product"}],"about":[{"href":"https:\/\/laquitxalla.com\/es\/wp-json\/wp\/v2\/types\/product"}],"replies":[{"embeddable":true,"href":"https:\/\/laquitxalla.com\/es\/wp-json\/wp\/v2\/comments?post=7921"}],"wp:featuredmedia":[{"embeddable":true,"href":"https:\/\/laquitxalla.com\/es\/wp-json\/wp\/v2\/media\/7923"}],"wp:attachment":[{"href":"https:\/\/laquitxalla.com\/es\/wp-json\/wp\/v2\/media?parent=7921"}],"wp:term":[{"taxonomy":"pwb-brand","embeddable":true,"href":"https:\/\/laquitxalla.com\/es\/wp-json\/wp\/v2\/pwb-brand?post=7921"},{"taxonomy":"product_brand","embeddable":true,"href":"https:\/\/laquitxalla.com\/es\/wp-json\/wp\/v2\/product_brand?post=7921"},{"taxonomy":"product_cat","embeddable":true,"href":"https:\/\/laquitxalla.com\/es\/wp-json\/wp\/v2\/product_cat?post=7921"},{"taxonomy":"product_tag","embeddable":true,"href":"https:\/\/laquitxalla.com\/es\/wp-json\/wp\/v2\/product_tag?post=7921"}],"curies":[{"name":"wp","href":"https:\/\/api.w.org\/{rel}","templated":true}]}}