{"id":9183,"date":"2024-10-23T10:21:53","date_gmt":"2024-10-23T09:21:53","guid":{"rendered":"https:\/\/laquitxalla.com\/?post_type=product&#038;p=9183"},"modified":"2024-10-23T10:38:37","modified_gmt":"2024-10-23T09:38:37","slug":"duo-cadira-muum-cabas-sweet","status":"publish","type":"product","link":"https:\/\/laquitxalla.com\/es\/producto\/duo-cadira-muum-cabas-sweet\/","title":{"rendered":"D\u00daO Cadira MUUM + Cab\u00e0s"},"content":{"rendered":"<div class=\"features-type-images\">\n<p>Caracter\u00edsticas del carrito:<\/p>\n<div class=\"features-type-images\">\n<ul>\n<li class=\"header-line\"><strong>Cestilla con grandes prestaciones: <\/strong>De gran volumen con capacidad hasta 4 kg \/ 18 litros.<\/li>\n<li class=\"header-line\"><strong>Tejidos reciclados: <\/strong>Tejidos fabricados con materiales reciclados.<\/li>\n<li class=\"header-line\"><strong>Suspensi\u00f3n total: <\/strong>Suspensi\u00f3n delantera y trasera independiente.<\/li>\n<li class=\"header-line\"><strong>Ruedas 360\u00ba y extra\u00edbles: <\/strong>Ruedas delanteras con giro 360\u00ba, bloqueables y extra\u00edbles. Ruedas traseras extra\u00edbles.<\/li>\n<li class=\"header-line\"><strong>Respaldo multiposici\u00f3n: <\/strong>De 105\u00b0 y hasta 155\u00b0.<\/li>\n<li class=\"header-line\"><strong>Reposapi\u00e9s ajustable: <\/strong>Ajustable para que el peque pueda estirar las piernas o bien doblarlas cuando va incorporado.<\/li>\n<li class=\"header-line\"><strong>Repele el agua y transpirable: <\/strong>Tejidos repelentes al agua y transpirables para un mayor confort.<\/li>\n<li class=\"header-line\"><strong>Protector delantero: <\/strong>Abatible y extra\u00edble<\/li>\n<li class=\"header-line\"><strong>Protecci\u00f3n Anti-Uva: <\/strong>Tejidos con protecci\u00f3n solar UPF50.<\/li>\n<li class=\"header-line\"><strong>Plegado compacto: <\/strong>Plegado compacto incluso con la hamaca instalada en ambos sentidos. Seguro de apertura accidental.<\/li>\n<li class=\"header-line\"><strong>Manillar ajustable: <\/strong>Regulable en 7 posiciones.<\/li>\n<li class=\"header-line\"><strong>Freno de pie: <\/strong>Freno de pie de doble acci\u00f3n sincronizado.<\/li>\n<li class=\"header-line\"><strong>Capota XXL y Wind Stopper: <\/strong>Capota extensible y con protecci\u00f3n para el viento para un mayor amparo en condiciones clim\u00e1ticas adversas.<\/li>\n<li class=\"header-line\"><strong>Asa de transporte: <\/strong>Para una mayor comodidad de transporte.<\/li>\n<li class=\"header-line\"><strong>Arn\u00e9s magn\u00e9tico: <\/strong>Muy f\u00e1cil de abrochar y seguro.<\/li>\n<li class=\"header-line\"><strong>Aireaci\u00f3n: <\/strong>Ventana trasera con rejilla para aireaci\u00f3n.<\/li>\n<\/ul>\n<p>Caracter\u00edsticas del capazo:<\/p>\n<\/div>\n<ul>\n<li class=\"header-line\"><strong>Asa de transporte en la capota: <\/strong>De aluminio oval incorporada en la capota con protecci\u00f3n de PU leather a juego con el tapizado.<\/li>\n<li class=\"header-line\"><strong>Base dura, estable y flexible: <\/strong>De madera natural para una perfecta transpiraci\u00f3n y absorci\u00f3n de humedad.<\/li>\n<li class=\"header-line\"><strong>Capota XXL con ventilaci\u00f3n y Wind Stopper: <\/strong>Capota con protecci\u00f3n para el viento y ventana con cierre de cremallera.<\/li>\n<li class=\"header-line\"><strong>Coj\u00edn de descanso: <\/strong>Previene y combate malformaciones cef\u00e1licas.<\/li>\n<li class=\"header-line\"><strong>Colch\u00f3n y respaldo: <\/strong>Colch\u00f3n interior de serie con respaldo reclinable (155\u00b0-180\u00b0) para mantener al beb\u00e9 semi incorporado.<\/li>\n<li class=\"header-line\"><strong>Plegado: <\/strong>Sistema de plegado patentado que facilita el transporte o almacenaje.<\/li>\n<li class=\"header-line\"><strong>Sistema Pro-Fix: <\/strong>Compatible con los carritos Jan\u00e9 mediante el sistema Pro-Fix de Jan\u00e9. Dispone de tiras para una sujeci\u00f3n extra al chasis.<\/li>\n<li class=\"header-line\"><strong>Tapizado: <\/strong>Desenfundable y lavable.<\/li>\n<li class=\"header-line\"><strong>Transpirable y repele el agua: <\/strong>Tejidos repelentes al agua y transpirables para un mayor confort.<\/li>\n<li class=\"header-line\"><strong>Ventana: <\/strong>Ventana con cierre de cremallera en la parte trasera que favorece la circulaci\u00f3n del aire.<\/li>\n<\/ul>\n<p>Medidas y peso:<\/p>\n<div class=\"features-type-simple\">\n<ul>\n<li class=\"header-line\"><strong>Edad\/altura\/peso del beb\u00e9: <\/strong>Chasis con hamaca: 0 &#8211; 22 kg. Capazo Sweet: 0-9kg.<\/li>\n<li><strong>Chasis con hamaca: <\/strong>Desplegado: 82 \/ 94 x 58 x 80\/105 cm. Plegado: 70 x 58 x 29 cm. Respaldo: 32 cm x 46,5 cm. Asiento: 32 cm x 26 cm<\/li>\n<li><strong>Capazo Sweet: <\/strong>Desplegado: 82 x 46 x 62 cm. Plegado: 82 x 46 x 15 cm<\/li>\n<li><strong>Peso del producto: <\/strong>Chasis: 7,6 kg. Hamaca: 3,9 kg. Capazo Sweet: 4,3 kg<\/li>\n<li><strong>Ruedas: <\/strong>Di\u00e1metro ruedas traseras \u00d816 cm. Di\u00e1metro ruedas delanteras \u00d814 cm.<\/li>\n<\/ul>\n<\/div>\n<\/div>","protected":false},"excerpt":{"rendered":"<p>El carrito Muum con capazo Sweet es el d\u00fao de uno de los modelos m\u00e1s reconocidos de Jan\u00e9. Un capazo con tejidos 100% reciclados y un colch\u00f3n interior de serie con respaldo reclinable para mantener al beb\u00e9 semi incorporado. Tu beb\u00e9 ir\u00e1 descansando en el capazo Sweet durante los primeros meses y m\u00e1s tarde ir\u00e1 a bordo del cochecito Muum disfrutando de los paisajes que le rodeen.<\/p>","protected":false},"featured_media":9199,"comment_status":"open","ping_status":"closed","template":"","meta":{"_lmt_disableupdate":"","_lmt_disable":""},"pwb-brand":[83],"product_brand":[],"product_cat":[23],"product_tag":[297,299,298,287],"class_list":{"0":"post-9183","1":"product","2":"type-product","3":"status-publish","4":"has-post-thumbnail","6":"pwb-brand-jane","7":"product_cat-sillas-paseo","8":"product_tag-cadireta-de-passeig","9":"product_tag-duo","10":"product_tag-mum","11":"product_tag-silla-de-paseo","12":"product_shipping_class-puericultura","14":"first","15":"instock","16":"taxable","17":"shipping-taxable","18":"purchasable","19":"product-type-variable"},"brands":[{"id":83,"name":"Jan\u00e9","slug":"jane"}],"_links":{"self":[{"href":"https:\/\/laquitxalla.com\/es\/wp-json\/wp\/v2\/product\/9183","targetHints":{"allow":["GET"]}}],"collection":[{"href":"https:\/\/laquitxalla.com\/es\/wp-json\/wp\/v2\/product"}],"about":[{"href":"https:\/\/laquitxalla.com\/es\/wp-json\/wp\/v2\/types\/product"}],"replies":[{"embeddable":true,"href":"https:\/\/laquitxalla.com\/es\/wp-json\/wp\/v2\/comments?post=9183"}],"wp:featuredmedia":[{"embeddable":true,"href":"https:\/\/laquitxalla.com\/es\/wp-json\/wp\/v2\/media\/9199"}],"wp:attachment":[{"href":"https:\/\/laquitxalla.com\/es\/wp-json\/wp\/v2\/media?parent=9183"}],"wp:term":[{"taxonomy":"pwb-brand","embeddable":true,"href":"https:\/\/laquitxalla.com\/es\/wp-json\/wp\/v2\/pwb-brand?post=9183"},{"taxonomy":"product_brand","embeddable":true,"href":"https:\/\/laquitxalla.com\/es\/wp-json\/wp\/v2\/product_brand?post=9183"},{"taxonomy":"product_cat","embeddable":true,"href":"https:\/\/laquitxalla.com\/es\/wp-json\/wp\/v2\/product_cat?post=9183"},{"taxonomy":"product_tag","embeddable":true,"href":"https:\/\/laquitxalla.com\/es\/wp-json\/wp\/v2\/product_tag?post=9183"}],"curies":[{"name":"wp","href":"https:\/\/api.w.org\/{rel}","templated":true}]}}