{"id":9214,"date":"2024-10-23T11:06:08","date_gmt":"2024-10-23T10:06:08","guid":{"rendered":"https:\/\/laquitxalla.com\/?post_type=product&#038;p=9214"},"modified":"2024-10-23T11:08:02","modified_gmt":"2024-10-23T10:08:02","slug":"cadira-crosslight","status":"publish","type":"product","link":"https:\/\/laquitxalla.com\/es\/producto\/cadira-crosslight\/","title":{"rendered":"Cadira Crosslight"},"content":{"rendered":"<div class=\"features-type-images\">\n<p>Caracter\u00edsticas carrito:<\/p>\n<ul>\n<li class=\"header-line\"><strong>Freno de pie: <\/strong>Freno de pie de doble acci\u00f3n sincronizado.<\/li>\n<li class=\"header-line\"><strong>Tejidos reciclados: <\/strong>Tejidos fabricados con materiales reciclados.<\/li>\n<li class=\"header-line\"><strong>Suspensi\u00f3n total: <\/strong>Suspensi\u00f3n delantera y trasera independiente, \u00e9sta \u00faltima graduable en 3 posiciones.<\/li>\n<li class=\"header-line\"><strong>Ruedas 360\u00ba y extra\u00edbles: <\/strong>Ruedas delanteras con giro 360\u00ba, bloqueables y extra\u00edbles. Ruedas traseras extra\u00edbles.<\/li>\n<li class=\"header-line\"><strong>Respaldo multiposici\u00f3n: <\/strong>De 105\u00b0 y hasta 157\u00b0.<\/li>\n<li class=\"header-line\"><strong>Reposapi\u00e9s ajustable: <\/strong>Ajustable para que el peque pueda estirar las piernas o bien doblarlas cuando va incorporado.<\/li>\n<li class=\"header-line\"><strong>Repele el agua y transpirable: <\/strong>Tejidos repelentes al agua y transpirables para un mayor confort.<\/li>\n<li class=\"header-line\"><strong>Protector delantero: <\/strong>Abatible y extra\u00edble.<\/li>\n<li class=\"header-line\"><strong>Protecci\u00f3n Anti-Uva: <\/strong>Tejidos con protecci\u00f3n solar UPF50.<\/li>\n<li class=\"header-line\"><strong>Plegado compacto: <\/strong>Plegado compacto incluso con la hamaca instalada en ambos sentidos. Seguro de apertura accidental.<\/li>\n<li class=\"header-line\"><strong>Manillar ajustable: <\/strong>Ajuste telesc\u00f3pico de 90 cm hasta 104 cm de altura.<\/li>\n<li class=\"header-line\"><strong>LWA LED warning assistance: <\/strong>Luz lateral con 3 programas de iluminaci\u00f3n que favorece la visibilidad en zonas oscuras. Se recarga f\u00e1cilmente con USB.<\/li>\n<li class=\"header-line\"><strong>Cestilla con grandes prestaciones: <\/strong>Extensible en 3 posiciones y de gran volumen con capacidad hasta 4 kg \/ 18 litros. Con espacio para colocar el bolso, accesible incluso una vez plegado y banda lateral reflectante.<\/li>\n<li class=\"header-line\"><strong>Capota XXL y Wind Stopper: <\/strong>Capota extensible y con protecci\u00f3n para el viento para un mayor amparo en condiciones clim\u00e1ticas adversas.<\/li>\n<li class=\"header-line\"><strong>Asa de transporte: <\/strong>Para una mayor comodidad de transporte.<\/li>\n<li class=\"header-line\"><strong>Arn\u00e9s magn\u00e9tico: <\/strong>Muy f\u00e1cil de abrochar y seguro.<\/li>\n<li class=\"header-line\"><strong>Aireaci\u00f3n: <\/strong>Ventana trasera con rejilla para aireaci\u00f3n.<\/li>\n<\/ul>\n<p>Medidas y peso:<\/p>\n<div class=\"features-type-simple\">\n<ul>\n<li class=\"header-line\"><strong>Ruedas: <\/strong>Di\u00e1metro ruedas traseras \u00d825 cm. Di\u00e1metro ruedas delanteras \u00d820,8 cm.<\/li>\n<li class=\"header-line\"><strong>Peso del producto: <\/strong>Chasis: 7,9 kg. Hamaca: 4,3 kg.<\/li>\n<li class=\"header-line\"><strong>Medidas del producto: <\/strong>Desplegado: 77\/98 x 58 x 90\/104 cm. Plegado: 62,5 x 58 x 28,5 cm. Respaldo: 32 cm x 46,5 cm. Asiento: 32 cm x 26 cm.<\/li>\n<li class=\"header-line\"><strong>Edad\/altura\/peso del beb\u00e9: <\/strong>0 &#8211; 22 kg<\/li>\n<\/ul>\n<\/div>\n<p>&nbsp;<\/p>\n<\/div>","protected":false},"excerpt":{"rendered":"<p>El cochecito perfecto para todos los terrenos con Luz Led lateral, que favorece la visibilidad en zonas oscuras y as\u00ed hacer vuestros paseos en familia m\u00e1s seguros; un sistema de suspensi\u00f3n regulable en 3 posiciones y una cestilla extensible con gran capacidad de carga.<\/p>","protected":false},"featured_media":9237,"comment_status":"open","ping_status":"closed","template":"","meta":{"_lmt_disableupdate":"","_lmt_disable":""},"pwb-brand":[83],"product_brand":[],"product_cat":[15,23],"product_tag":[288,304,305,287],"class_list":{"0":"post-9214","1":"product","2":"type-product","3":"status-publish","4":"has-post-thumbnail","6":"pwb-brand-jane","7":"product_cat-puericultura","8":"product_cat-sillas-paseo","9":"product_tag-cadira-de-passeig","10":"product_tag-crosslight","11":"product_tag-jane","12":"product_tag-silla-de-paseo","14":"first","15":"instock","16":"taxable","17":"shipping-taxable","18":"purchasable","19":"product-type-variable"},"brands":[{"id":83,"name":"Jan\u00e9","slug":"jane"}],"_links":{"self":[{"href":"https:\/\/laquitxalla.com\/es\/wp-json\/wp\/v2\/product\/9214","targetHints":{"allow":["GET"]}}],"collection":[{"href":"https:\/\/laquitxalla.com\/es\/wp-json\/wp\/v2\/product"}],"about":[{"href":"https:\/\/laquitxalla.com\/es\/wp-json\/wp\/v2\/types\/product"}],"replies":[{"embeddable":true,"href":"https:\/\/laquitxalla.com\/es\/wp-json\/wp\/v2\/comments?post=9214"}],"wp:featuredmedia":[{"embeddable":true,"href":"https:\/\/laquitxalla.com\/es\/wp-json\/wp\/v2\/media\/9237"}],"wp:attachment":[{"href":"https:\/\/laquitxalla.com\/es\/wp-json\/wp\/v2\/media?parent=9214"}],"wp:term":[{"taxonomy":"pwb-brand","embeddable":true,"href":"https:\/\/laquitxalla.com\/es\/wp-json\/wp\/v2\/pwb-brand?post=9214"},{"taxonomy":"product_brand","embeddable":true,"href":"https:\/\/laquitxalla.com\/es\/wp-json\/wp\/v2\/product_brand?post=9214"},{"taxonomy":"product_cat","embeddable":true,"href":"https:\/\/laquitxalla.com\/es\/wp-json\/wp\/v2\/product_cat?post=9214"},{"taxonomy":"product_tag","embeddable":true,"href":"https:\/\/laquitxalla.com\/es\/wp-json\/wp\/v2\/product_tag?post=9214"}],"curies":[{"name":"wp","href":"https:\/\/api.w.org\/{rel}","templated":true}]}}