{"id":9264,"date":"2024-12-02T20:43:07","date_gmt":"2024-12-02T19:43:07","guid":{"rendered":"https:\/\/laquitxalla.com\/?post_type=product&#038;p=9264"},"modified":"2025-08-23T18:20:11","modified_gmt":"2025-08-23T17:20:11","slug":"cadira-finiti","status":"publish","type":"product","link":"https:\/\/laquitxalla.com\/es\/producto\/cadira-finiti\/","title":{"rendered":"D\u00fao Cadira Finiti + cab\u00e0s"},"content":{"rendered":"<p><strong>MODOS <\/strong><\/p>\n<p>La colecci\u00f3n de cochecitos Signature de Joie, dise\u00f1ada pensando en la versatilidad y la adaptabilidad, ofrece los diversos modos que los atareados padres necesitan en su d\u00eda a d\u00eda:<\/p>\n<ul>\n<li>Este carrito 4 en 1 ofrece <strong>cuatro opciones en una<\/strong>, en combinaci\u00f3n con un portabeb\u00e9s o un capazo<\/li>\n<li>Asiento ajustable hacia delante o hacia atr\u00e1s<\/li>\n<li><strong>Compatible con portabeb\u00e9s:<\/strong> los modelos sprint\u2122, i-jemini\u2122, i-Level\u2122 Recline, gemm\u2122, <a class=\"crosslink\" title=\"i-Gemm\u2122 3\" href=\"https:\/\/joiebaby.com\/es\/portabebes-i-gemm-3\" target=\"_blank\" rel=\"noopener\">i-Gemm\u2122 3<\/a>, and i-Snug\u2122 2 encajan f\u00e1cilmente<\/li>\n<li><strong>Compatible con capazo:<\/strong> el modelo ramble\u2122 XL es una opci\u00f3n ergon\u00f3mica para que tu beb\u00e9 vaya tumbado<\/li>\n<li><strong>Compatible con capazo calmi\u2122 R129<\/strong>, una opci\u00f3n ergon\u00f3mica para que tu beb\u00e9 vaya tumbado, incluso en el coche<\/li>\n<li>Usa un adaptador de estilo Maxi-Cosi\u00ae para <strong><strong>utilizarlo con portabeb\u00e9s de otras marcas<\/strong><\/strong><em>El capazo, capazo de coche y portabeb\u00e9s se venden por separado.<\/em><\/li>\n<\/ul>\n<p><strong>SEGURIDAD<\/strong><\/p>\n<p>Como cualquier padre, la seguridad es lo primero, y nuestra colecci\u00f3n Signature ofrece las mejores funciones de seguridad de su clase para que tu peque\u00f1o pasajero est\u00e9 lo m\u00e1s seguro posible:<\/p>\n<ul>\n<li><strong>Arn\u00e9s SoftTouch de 5 puntos<\/strong> con 3 alturas ajustables que crece con ellos<\/li>\n<li>La <strong>hebilla magn\u00e9tica autoclick\u2122 se ajusta f\u00e1cil y r\u00e1pidamente<\/strong><\/li>\n<li>El <strong>freno r\u00e1pido con un toque<\/strong> aporta la tranquilidad que todo padre desea<\/li>\n<\/ul>\n<p><strong>COMODIDAD<\/strong><\/p>\n<p>No siempre puedes llevarlos acurrucados en tus brazos, pero puedes mantenerlos protegidos y c\u00f3modos gracias a los detalles de lujo de nuestra colecci\u00f3n Signature:<\/p>\n<ul>\n<li>El <strong>reclinado horizontal<\/strong> es una opci\u00f3n ergon\u00f3mica y de lo m\u00e1s c\u00f3moda para reci\u00e9n nacidos o ni\u00f1os m\u00e1s mayores<\/li>\n<li>Mantenlos c\u00f3modos gracias a las <strong>m\u00faltiples posiciones de reclinado <\/strong><\/li>\n<li><strong>La capota extensible<\/strong> con ventilaci\u00f3n los mantiene frescos y tranquilos<\/li>\n<li>Gracias a la <strong>suave suspensi\u00f3n<\/strong>, paseareis con estilo<\/li>\n<li>Los <strong>tejidos de alta calidad<\/strong> se limpian f\u00e1cilmente y est\u00e1n dise\u00f1ados para durar<\/li>\n<li>Reposapiernas ajustable con <strong>acolchado en la zona de las pantorrillas<\/strong> para garantizar la comodidad estir\u00f3n tras estir\u00f3n<\/li>\n<li>La capota completa con protecci\u00f3n <strong>UPF 50+ y resistente al agua<\/strong> protege al beb\u00e9 haga el tiempo que haga<\/li>\n<li><strong>Manillar con altura regulable<\/strong> para adaptarse a padres y madres de diferentes estaturas<\/li>\n<\/ul>\n<p><strong>FUNCIONALIDAD<\/strong><\/p>\n<p>Porque ser padres ya es lo suficientemente dif\u00edcil, nuestra colecci\u00f3n Signature ofrece todas las funciones favoritas para haceros la vida un poco m\u00e1s f\u00e1cil:<\/p>\n<ul>\n<li><strong>Ri\u00f1onera extra\u00edble<\/strong>, ideal para las llaves, los peque\u00f1os objetos de valor&#8230; \u00a1y alg\u00fan que otro dulce!<\/li>\n<li><strong>Portavasos para los padres<\/strong>, porque la hidrataci\u00f3n es importante, as\u00ed como mantener las manos libres<\/li>\n<li><strong>Se pliega con un simple movimiento<\/strong>, sin importar c\u00f3mo est\u00e9 colocada la silla<\/li>\n<li>Gracias a su <strong>gran cesta de f\u00e1cil acceso<\/strong>, podr\u00e1s salir de casa con todo lo necesario<\/li>\n<li><strong>Pesa solo 11,21 kg<\/strong>, algo que agradecer\u00e1s al final de un duro d\u00eda<\/li>\n<li>Olv\u00eddate de los pinchazos gracias a las <strong>ruedas de goma PunctureProof\u2122 rellenas de espuma<\/strong><\/li>\n<\/ul>\n<p><strong>ESPECIFICACIONES<\/strong><\/p>\n<ul>\n<li>Peso del producto: 11,21 kg<\/li>\n<li>Tama\u00f1o abierto:\u00a0 91 cm largo x 63 cm ancho x 111 cm alto<\/li>\n<li>Tama\u00f1o plegado: 68 cm largo x 63 cm ancho x 43 cm alto<\/li>\n<li>Uso: del nacimiento a los 22 kg<\/li>\n<\/ul>","protected":false},"excerpt":{"rendered":"<p>Combina los distintos modos y ve adonde quieras con este cochecito compacto y plegable que simplifica la tarea de ser padres.<\/p>","protected":false},"featured_media":9358,"comment_status":"open","ping_status":"closed","template":"","meta":{"_lmt_disableupdate":"no","_lmt_disable":""},"pwb-brand":[86],"product_brand":[],"product_cat":[68,15,23],"product_tag":[309,308,287],"class_list":{"0":"post-9264","1":"product","2":"type-product","3":"status-publish","4":"has-post-thumbnail","6":"pwb-brand-joie","7":"product_cat-sin-categoria","8":"product_cat-puericultura","9":"product_cat-sillas-paseo","10":"product_tag-finiti-duo","11":"product_tag-joie","12":"product_tag-silla-de-paseo","14":"first","15":"instock","16":"taxable","17":"shipping-taxable","18":"purchasable","19":"product-type-variable"},"brands":[{"id":86,"name":"Joie","slug":"joie"}],"_links":{"self":[{"href":"https:\/\/laquitxalla.com\/es\/wp-json\/wp\/v2\/product\/9264","targetHints":{"allow":["GET"]}}],"collection":[{"href":"https:\/\/laquitxalla.com\/es\/wp-json\/wp\/v2\/product"}],"about":[{"href":"https:\/\/laquitxalla.com\/es\/wp-json\/wp\/v2\/types\/product"}],"replies":[{"embeddable":true,"href":"https:\/\/laquitxalla.com\/es\/wp-json\/wp\/v2\/comments?post=9264"}],"wp:featuredmedia":[{"embeddable":true,"href":"https:\/\/laquitxalla.com\/es\/wp-json\/wp\/v2\/media\/9358"}],"wp:attachment":[{"href":"https:\/\/laquitxalla.com\/es\/wp-json\/wp\/v2\/media?parent=9264"}],"wp:term":[{"taxonomy":"pwb-brand","embeddable":true,"href":"https:\/\/laquitxalla.com\/es\/wp-json\/wp\/v2\/pwb-brand?post=9264"},{"taxonomy":"product_brand","embeddable":true,"href":"https:\/\/laquitxalla.com\/es\/wp-json\/wp\/v2\/product_brand?post=9264"},{"taxonomy":"product_cat","embeddable":true,"href":"https:\/\/laquitxalla.com\/es\/wp-json\/wp\/v2\/product_cat?post=9264"},{"taxonomy":"product_tag","embeddable":true,"href":"https:\/\/laquitxalla.com\/es\/wp-json\/wp\/v2\/product_tag?post=9264"}],"curies":[{"name":"wp","href":"https:\/\/api.w.org\/{rel}","templated":true}]}}