{"id":9368,"date":"2024-12-02T20:57:08","date_gmt":"2024-12-02T19:57:08","guid":{"rendered":"https:\/\/laquitxalla.com\/?post_type=product&#038;p=9368"},"modified":"2025-08-23T18:20:11","modified_gmt":"2025-08-23T17:20:11","slug":"cadira-finiti-2","status":"publish","type":"product","link":"https:\/\/laquitxalla.com\/es\/producto\/cadira-finiti-2\/","title":{"rendered":"Cadira Finiti"},"content":{"rendered":"<p><strong>Caracter\u00edsticas:<\/strong><\/p>\n<ul>\n<li>Apta desde el nacimiento gracias a su reclinado total<\/li>\n<li>Gran cesta de almacenaje<\/li>\n<li>El asiento reversible puede ponerse a favor o en contra de la marcha<\/li>\n<li>Combina perfectamente con los portabeb\u00e9s de Joie y con otros usando adaptadores Maxi-Cosi\u00ae<\/li>\n<li>Ligera, con solo 11.21 kg<\/li>\n<li>F\u00e1cil de plegar gracias al bot\u00f3n que se encuentra en la parte trasera, tanto si est\u00e1 a favor o en contra de la marcha<\/li>\n<li>Resistentes ruedas rellenas de espuma, a prueba de pinchazos<\/li>\n<li>Innovador sistema FLEX CONFORT para el m\u00e1s suave paseo<\/li>\n<li>Se sostiene de pie plegada<\/li>\n<li>Asa de transporte<\/li>\n<li>Capota repelente al agua<\/li>\n<li>Capota con protecci\u00f3n UPF 50+ con visor<\/li>\n<li>4 posiciones de reclinado mec\u00e1nico<\/li>\n<li>2 posiciones del reposapiernas<\/li>\n<li>Tejidos premium<\/li>\n<li>Freno de pulsaci\u00f3n simple<\/li>\n<li>Arn\u00e9s de 5 puntos ajustable en 3 posiciones con protectores y cierre magn\u00e9tico<\/li>\n<li>Hebilla magn\u00e9tica AutoClick\u2122<\/li>\n<li>Ri\u00f1onera extra\u00edble<\/li>\n<li>Manillar ajustable de piel ecol\u00f3gica<\/li>\n<li>Opci\u00f3n de bloqueo en las ruedas delanteras<\/li>\n<li>Sujetavasos<\/li>\n<li>Incluye bolso organizador en la parte inferior y bolsillo trasero en el respaldo<\/li>\n<li>Incluye burbuja de lluvia y adaptadores para capazo y grupo 0<\/li>\n<\/ul>\n<p><strong>Especificaciones:\u00a0<\/strong><\/p>\n<ul>\n<li>Medidas abierta:<br \/>\nlargo 91 x ancho 63 x alto 111 cm<\/li>\n<li>Medidas plegada:<br \/>\nlargo 68 x ancho 63 x alto 43 cm<\/li>\n<li>Peso: 11.21 kg<\/li>\n<li>Uso:<br \/>\ndesde el nacimiento hasta los 22 kg<\/li>\n<li>Homologaci\u00f3n: EN 1888-2:2018<\/li>\n<\/ul>\n<p>&nbsp;<\/p>\n<p>&nbsp;<\/p>","protected":false},"excerpt":{"rendered":"<p>Nuestra\u00a0Finiti es un cochecito 4en1 que\u00a0 te acompa\u00f1ar\u00e1\u00a0<strong>desde el nacimiento<\/strong>\u00a0hasta que tu beb\u00e9 no tenga que usarla. Siempre lista, \u00e1brela y pli\u00e9gala en un momento. Permite\u00a0<strong>pasear de todas las formas posibles<\/strong>, con un\u00a0<strong>reclinado total<\/strong>\u00a0para reci\u00e9n nacidos o ni\u00f1os mayores que quieren relajarse durante el paseo.<\/p>","protected":false},"featured_media":9370,"comment_status":"open","ping_status":"closed","template":"","meta":{"_lmt_disableupdate":"","_lmt_disable":""},"pwb-brand":[86],"product_brand":[],"product_cat":[23],"product_tag":[310,311,308],"class_list":{"0":"post-9368","1":"product","2":"type-product","3":"status-publish","4":"has-post-thumbnail","6":"pwb-brand-joie","7":"product_cat-sillas-paseo","8":"product_tag-cadira-paseo","9":"product_tag-finiti","10":"product_tag-joie","12":"first","13":"instock","14":"taxable","15":"shipping-taxable","16":"purchasable","17":"product-type-variable"},"brands":[{"id":86,"name":"Joie","slug":"joie"}],"_links":{"self":[{"href":"https:\/\/laquitxalla.com\/es\/wp-json\/wp\/v2\/product\/9368","targetHints":{"allow":["GET"]}}],"collection":[{"href":"https:\/\/laquitxalla.com\/es\/wp-json\/wp\/v2\/product"}],"about":[{"href":"https:\/\/laquitxalla.com\/es\/wp-json\/wp\/v2\/types\/product"}],"replies":[{"embeddable":true,"href":"https:\/\/laquitxalla.com\/es\/wp-json\/wp\/v2\/comments?post=9368"}],"wp:featuredmedia":[{"embeddable":true,"href":"https:\/\/laquitxalla.com\/es\/wp-json\/wp\/v2\/media\/9370"}],"wp:attachment":[{"href":"https:\/\/laquitxalla.com\/es\/wp-json\/wp\/v2\/media?parent=9368"}],"wp:term":[{"taxonomy":"pwb-brand","embeddable":true,"href":"https:\/\/laquitxalla.com\/es\/wp-json\/wp\/v2\/pwb-brand?post=9368"},{"taxonomy":"product_brand","embeddable":true,"href":"https:\/\/laquitxalla.com\/es\/wp-json\/wp\/v2\/product_brand?post=9368"},{"taxonomy":"product_cat","embeddable":true,"href":"https:\/\/laquitxalla.com\/es\/wp-json\/wp\/v2\/product_cat?post=9368"},{"taxonomy":"product_tag","embeddable":true,"href":"https:\/\/laquitxalla.com\/es\/wp-json\/wp\/v2\/product_tag?post=9368"}],"curies":[{"name":"wp","href":"https:\/\/api.w.org\/{rel}","templated":true}]}}